


{"id":78,"date":"2019-04-23T11:40:06","date_gmt":"2019-04-23T09:40:06","guid":{"rendered":"https:\/\/newforrest.ont.stuurlui.dev\/de\/?page_id=78"},"modified":"2021-11-18T10:38:20","modified_gmt":"2021-11-18T09:38:20","slug":"uber-uns","status":"publish","type":"page","link":"https:\/\/newforrest.ont.stuurlui.dev\/de\/uber-uns\/","title":{"rendered":"\u00dcber uns"},"content":{"rendered":"","protected":false},"excerpt":{"rendered":"","protected":false},"author":2,"featured_media":0,"parent":0,"menu_order":0,"comment_status":"closed","ping_status":"closed","template":"","meta":{"_acf_changed":false,"footnotes":""},"class_list":["post-78","page","type-page","status-publish","hentry"],"acf":[],"yoast_head":"<!-- This site is optimized with the Yoast SEO plugin v27.5 - https:\/\/yoast.com\/product\/yoast-seo-wordpress\/ -->\n<title>NewForrest Fingerfood geht mit Fingerfood auf den zuk\u00fcnftigen Lebensmittelmarkt ein<\/title>\n<meta name=\"description\" content=\"Mit Fingerfoods arbeitet NewForrest Fingerfood am Lebensmittelmarkt von morgen, denn in Zukunft werden kleine H\u00e4ppchen in hohem Ma\u00dfe unsere Ern\u00e4hrungsgewohnheiten bestimmen.\" \/>\n<meta name=\"robots\" content=\"index, follow, max-snippet:-1, max-image-preview:large, max-video-preview:-1\" \/>\n<link rel=\"canonical\" href=\"https:\/\/newforrest.ont.stuurlui.dev\/de\/uber-uns\/\" \/>\n<meta property=\"og:locale\" content=\"de_DE\" \/>\n<meta property=\"og:type\" content=\"article\" \/>\n<meta property=\"og:title\" content=\"NewForrest Fingerfood geht mit Fingerfood auf den zuk\u00fcnftigen Lebensmittelmarkt ein\" \/>\n<meta property=\"og:description\" content=\"Mit Fingerfoods arbeitet NewForrest Fingerfood am Lebensmittelmarkt von morgen, denn in Zukunft werden kleine H\u00e4ppchen in hohem Ma\u00dfe unsere Ern\u00e4hrungsgewohnheiten bestimmen.\" \/>\n<meta property=\"og:url\" content=\"https:\/\/newforrest.ont.stuurlui.dev\/de\/uber-uns\/\" \/>\n<meta property=\"og:site_name\" content=\"Newforrest Fingerfood Deutsch\" \/>\n<meta property=\"article:modified_time\" content=\"2021-11-18T09:38:20+00:00\" \/>\n<meta name=\"twitter:card\" content=\"summary_large_image\" \/>\n<script type=\"application\/ld+json\" class=\"yoast-schema-graph\">{\"@context\":\"https:\\\/\\\/schema.org\",\"@graph\":[{\"@type\":\"WebPage\",\"@id\":\"https:\\\/\\\/newforrest.ont.stuurlui.dev\\\/de\\\/uber-uns\\\/\",\"url\":\"https:\\\/\\\/newforrest.ont.stuurlui.dev\\\/de\\\/uber-uns\\\/\",\"name\":\"NewForrest Fingerfood geht mit Fingerfood auf den zuk\u00fcnftigen Lebensmittelmarkt ein\",\"isPartOf\":{\"@id\":\"https:\\\/\\\/newforrest.ont.stuurlui.dev\\\/de\\\/#website\"},\"datePublished\":\"2019-04-23T09:40:06+00:00\",\"dateModified\":\"2021-11-18T09:38:20+00:00\",\"description\":\"Mit Fingerfoods arbeitet NewForrest Fingerfood am Lebensmittelmarkt von morgen, denn in Zukunft werden kleine H\u00e4ppchen in hohem Ma\u00dfe unsere Ern\u00e4hrungsgewohnheiten bestimmen.\",\"breadcrumb\":{\"@id\":\"https:\\\/\\\/newforrest.ont.stuurlui.dev\\\/de\\\/uber-uns\\\/#breadcrumb\"},\"inLanguage\":\"de\",\"potentialAction\":[{\"@type\":\"ReadAction\",\"target\":[\"https:\\\/\\\/newforrest.ont.stuurlui.dev\\\/de\\\/uber-uns\\\/\"]}]},{\"@type\":\"BreadcrumbList\",\"@id\":\"https:\\\/\\\/newforrest.ont.stuurlui.dev\\\/de\\\/uber-uns\\\/#breadcrumb\",\"itemListElement\":[{\"@type\":\"ListItem\",\"position\":1,\"name\":\"Home\",\"item\":\"https:\\\/\\\/newforrest.ont.stuurlui.dev\\\/de\\\/\"},{\"@type\":\"ListItem\",\"position\":2,\"name\":\"\u00dcber uns\"}]},{\"@type\":\"WebSite\",\"@id\":\"https:\\\/\\\/newforrest.ont.stuurlui.dev\\\/de\\\/#website\",\"url\":\"https:\\\/\\\/newforrest.ont.stuurlui.dev\\\/de\\\/\",\"name\":\"Newforrest Fingerfood Deutsch\",\"description\":\"\",\"publisher\":{\"@id\":\"https:\\\/\\\/newforrest.ont.stuurlui.dev\\\/de\\\/#organization\"},\"potentialAction\":[{\"@type\":\"SearchAction\",\"target\":{\"@type\":\"EntryPoint\",\"urlTemplate\":\"https:\\\/\\\/newforrest.ont.stuurlui.dev\\\/de\\\/?s={search_term_string}\"},\"query-input\":{\"@type\":\"PropertyValueSpecification\",\"valueRequired\":true,\"valueName\":\"search_term_string\"}}],\"inLanguage\":\"de\"},{\"@type\":\"Organization\",\"@id\":\"https:\\\/\\\/newforrest.ont.stuurlui.dev\\\/de\\\/#organization\",\"name\":\"New Forrest B.V.\",\"url\":\"https:\\\/\\\/newforrest.ont.stuurlui.dev\\\/de\\\/\",\"logo\":{\"@type\":\"ImageObject\",\"inLanguage\":\"de\",\"@id\":\"https:\\\/\\\/newforrest.ont.stuurlui.dev\\\/de\\\/#\\\/schema\\\/logo\\\/image\\\/\",\"url\":\"https:\\\/\\\/newforrest.ont.stuurlui.dev\\\/de\\\/wp-content\\\/uploads\\\/sites\\\/5\\\/2019\\\/05\\\/NF_logo_nw-e1556803950950.jpg\",\"contentUrl\":\"https:\\\/\\\/newforrest.ont.stuurlui.dev\\\/de\\\/wp-content\\\/uploads\\\/sites\\\/5\\\/2019\\\/05\\\/NF_logo_nw-e1556803950950.jpg\",\"width\":500,\"height\":350,\"caption\":\"New Forrest B.V.\"},\"image\":{\"@id\":\"https:\\\/\\\/newforrest.ont.stuurlui.dev\\\/de\\\/#\\\/schema\\\/logo\\\/image\\\/\"}}]}<\/script>\n<!-- \/ Yoast SEO plugin. -->","yoast_head_json":{"title":"NewForrest Fingerfood geht mit Fingerfood auf den zuk\u00fcnftigen Lebensmittelmarkt ein","description":"Mit Fingerfoods arbeitet NewForrest Fingerfood am Lebensmittelmarkt von morgen, denn in Zukunft werden kleine H\u00e4ppchen in hohem Ma\u00dfe unsere Ern\u00e4hrungsgewohnheiten bestimmen.","robots":{"index":"index","follow":"follow","max-snippet":"max-snippet:-1","max-image-preview":"max-image-preview:large","max-video-preview":"max-video-preview:-1"},"canonical":"https:\/\/newforrest.ont.stuurlui.dev\/de\/uber-uns\/","og_locale":"de_DE","og_type":"article","og_title":"NewForrest Fingerfood geht mit Fingerfood auf den zuk\u00fcnftigen Lebensmittelmarkt ein","og_description":"Mit Fingerfoods arbeitet NewForrest Fingerfood am Lebensmittelmarkt von morgen, denn in Zukunft werden kleine H\u00e4ppchen in hohem Ma\u00dfe unsere Ern\u00e4hrungsgewohnheiten bestimmen.","og_url":"https:\/\/newforrest.ont.stuurlui.dev\/de\/uber-uns\/","og_site_name":"Newforrest Fingerfood Deutsch","article_modified_time":"2021-11-18T09:38:20+00:00","twitter_card":"summary_large_image","schema":{"@context":"https:\/\/schema.org","@graph":[{"@type":"WebPage","@id":"https:\/\/newforrest.ont.stuurlui.dev\/de\/uber-uns\/","url":"https:\/\/newforrest.ont.stuurlui.dev\/de\/uber-uns\/","name":"NewForrest Fingerfood geht mit Fingerfood auf den zuk\u00fcnftigen Lebensmittelmarkt ein","isPartOf":{"@id":"https:\/\/newforrest.ont.stuurlui.dev\/de\/#website"},"datePublished":"2019-04-23T09:40:06+00:00","dateModified":"2021-11-18T09:38:20+00:00","description":"Mit Fingerfoods arbeitet NewForrest Fingerfood am Lebensmittelmarkt von morgen, denn in Zukunft werden kleine H\u00e4ppchen in hohem Ma\u00dfe unsere Ern\u00e4hrungsgewohnheiten bestimmen.","breadcrumb":{"@id":"https:\/\/newforrest.ont.stuurlui.dev\/de\/uber-uns\/#breadcrumb"},"inLanguage":"de","potentialAction":[{"@type":"ReadAction","target":["https:\/\/newforrest.ont.stuurlui.dev\/de\/uber-uns\/"]}]},{"@type":"BreadcrumbList","@id":"https:\/\/newforrest.ont.stuurlui.dev\/de\/uber-uns\/#breadcrumb","itemListElement":[{"@type":"ListItem","position":1,"name":"Home","item":"https:\/\/newforrest.ont.stuurlui.dev\/de\/"},{"@type":"ListItem","position":2,"name":"\u00dcber uns"}]},{"@type":"WebSite","@id":"https:\/\/newforrest.ont.stuurlui.dev\/de\/#website","url":"https:\/\/newforrest.ont.stuurlui.dev\/de\/","name":"Newforrest Fingerfood Deutsch","description":"","publisher":{"@id":"https:\/\/newforrest.ont.stuurlui.dev\/de\/#organization"},"potentialAction":[{"@type":"SearchAction","target":{"@type":"EntryPoint","urlTemplate":"https:\/\/newforrest.ont.stuurlui.dev\/de\/?s={search_term_string}"},"query-input":{"@type":"PropertyValueSpecification","valueRequired":true,"valueName":"search_term_string"}}],"inLanguage":"de"},{"@type":"Organization","@id":"https:\/\/newforrest.ont.stuurlui.dev\/de\/#organization","name":"New Forrest B.V.","url":"https:\/\/newforrest.ont.stuurlui.dev\/de\/","logo":{"@type":"ImageObject","inLanguage":"de","@id":"https:\/\/newforrest.ont.stuurlui.dev\/de\/#\/schema\/logo\/image\/","url":"https:\/\/newforrest.ont.stuurlui.dev\/de\/wp-content\/uploads\/sites\/5\/2019\/05\/NF_logo_nw-e1556803950950.jpg","contentUrl":"https:\/\/newforrest.ont.stuurlui.dev\/de\/wp-content\/uploads\/sites\/5\/2019\/05\/NF_logo_nw-e1556803950950.jpg","width":500,"height":350,"caption":"New Forrest B.V."},"image":{"@id":"https:\/\/newforrest.ont.stuurlui.dev\/de\/#\/schema\/logo\/image\/"}}]}},"_links":{"self":[{"href":"https:\/\/newforrest.ont.stuurlui.dev\/de\/wp-json\/wp\/v2\/pages\/78","targetHints":{"allow":["GET"]}}],"collection":[{"href":"https:\/\/newforrest.ont.stuurlui.dev\/de\/wp-json\/wp\/v2\/pages"}],"about":[{"href":"https:\/\/newforrest.ont.stuurlui.dev\/de\/wp-json\/wp\/v2\/types\/page"}],"author":[{"embeddable":true,"href":"https:\/\/newforrest.ont.stuurlui.dev\/de\/wp-json\/wp\/v2\/users\/2"}],"replies":[{"embeddable":true,"href":"https:\/\/newforrest.ont.stuurlui.dev\/de\/wp-json\/wp\/v2\/comments?post=78"}],"version-history":[{"count":14,"href":"https:\/\/newforrest.ont.stuurlui.dev\/de\/wp-json\/wp\/v2\/pages\/78\/revisions"}],"predecessor-version":[{"id":743,"href":"https:\/\/newforrest.ont.stuurlui.dev\/de\/wp-json\/wp\/v2\/pages\/78\/revisions\/743"}],"wp:attachment":[{"href":"https:\/\/newforrest.ont.stuurlui.dev\/de\/wp-json\/wp\/v2\/media?parent=78"}],"curies":[{"name":"wp","href":"https:\/\/api.w.org\/{rel}","templated":true}]}}